{"id":13,"date":"2023-08-03T13:39:25","date_gmt":"2023-08-03T13:39:25","guid":{"rendered":"https:\/\/web4.rkinformatika.net\/barbershopforutxuileart\/?page_id=13"},"modified":"2023-08-24T07:39:09","modified_gmt":"2023-08-24T07:39:09","slug":"servicios","status":"publish","type":"page","link":"https:\/\/forutxuileart.com\/eu\/servicios\/","title":{"rendered":"Zerbitzuak"},"content":{"rendered":"<div data-elementor-type=\"wp-page\" data-elementor-id=\"13\" class=\"elementor elementor-13\" data-elementor-post-type=\"page\">\n\t\t\t\t\t\t<section class=\"elementor-section elementor-top-section elementor-element elementor-element-566fec1 elementor-section-boxed elementor-section-height-default elementor-section-height-default\" data-id=\"566fec1\" data-element_type=\"section\" data-e-type=\"section\" data-settings=\"{&quot;background_background&quot;:&quot;classic&quot;}\">\n\t\t\t\t\t\t\t<div class=\"elementor-background-overlay\"><\/div>\n\t\t\t\t\t\t\t<div class=\"elementor-container elementor-column-gap-default\">\n\t\t\t\t\t<div class=\"elementor-column elementor-col-100 elementor-top-column elementor-element elementor-element-94b3c5c\" data-id=\"94b3c5c\" data-element_type=\"column\" data-e-type=\"column\">\n\t\t\t<div class=\"elementor-widget-wrap\">\n\t\t\t\t\t\t\t<\/div>\n\t\t<\/div>\n\t\t\t\t\t<\/div>\n\t\t<\/section>\n\t\t\t\t<section class=\"elementor-section elementor-top-section elementor-element elementor-element-609ff1d elementor-section-full_width elementor-section-height-default elementor-section-height-default\" data-id=\"609ff1d\" data-element_type=\"section\" data-e-type=\"section\">\n\t\t\t\t\t\t<div class=\"elementor-container elementor-column-gap-default\">\n\t\t\t\t\t<div class=\"elementor-column elementor-col-100 elementor-top-column elementor-element elementor-element-e850466\" data-id=\"e850466\" data-element_type=\"column\" data-e-type=\"column\" data-settings=\"{&quot;background_background&quot;:&quot;classic&quot;}\">\n\t\t\t<div class=\"elementor-widget-wrap elementor-element-populated\">\n\t\t\t\t\t\t<div class=\"elementor-element elementor-element-ae68d04 elementor-widget elementor-widget-heading\" data-id=\"ae68d04\" data-element_type=\"widget\" data-e-type=\"widget\" data-widget_type=\"heading.default\">\n\t\t\t\t<div class=\"elementor-widget-container\">\n\t\t\t\t\t<h2 class=\"elementor-heading-title elementor-size-default\">SERVICIOS<\/h2>\t\t\t\t<\/div>\n\t\t\t\t<\/div>\n\t\t\t\t\t<\/div>\n\t\t<\/div>\n\t\t\t\t\t<\/div>\n\t\t<\/section>\n\t\t\t\t<section class=\"elementor-section elementor-top-section elementor-element elementor-element-d921da9 elementor-section-boxed elementor-section-height-default elementor-section-height-default\" data-id=\"d921da9\" data-element_type=\"section\" data-e-type=\"section\">\n\t\t\t\t\t\t<div class=\"elementor-container elementor-column-gap-default\">\n\t\t\t\t\t<div class=\"elementor-column elementor-col-66 elementor-top-column elementor-element elementor-element-acba5b7\" data-id=\"acba5b7\" data-element_type=\"column\" data-e-type=\"column\">\n\t\t\t<div class=\"elementor-widget-wrap elementor-element-populated\">\n\t\t\t\t\t\t<div class=\"elementor-element elementor-element-4b105ca elementor-widget elementor-widget-heading\" data-id=\"4b105ca\" data-element_type=\"widget\" data-e-type=\"widget\" data-widget_type=\"heading.default\">\n\t\t\t\t<div class=\"elementor-widget-container\">\n\t\t\t\t\t<h2 class=\"elementor-heading-title elementor-size-default\">Gizonen ile-apaindegia<\/h2>\t\t\t\t<\/div>\n\t\t\t\t<\/div>\n\t\t\t\t<div class=\"elementor-element elementor-element-727590f elementor-widget elementor-widget-text-editor\" data-id=\"727590f\" data-element_type=\"widget\" data-e-type=\"widget\" data-widget_type=\"text-editor.default\">\n\t\t\t\t<div class=\"elementor-widget-container\">\n\t\t\t\t\t\t\t\t\t<p>Ven y experimenta mi servicio de peluquer\u00eda para caballeros de primera categor\u00eda, donde ofrezco cortes de cabello excepcionales, arreglos y estilos adaptados a tu estilo \u00fanico.\u00a0<\/p><p>Uso productos de alta calidad para crear looks cl\u00e1sicos y modernos, dej\u00e1ndote con una sensaci\u00f3n de confianza y renovaci\u00f3n.\u00a0<\/p><p>Disfruta de un ambiente c\u00f3modo y relajante, donde la satisfacci\u00f3n del cliente es mi m\u00e1xima prioridad.<\/p>\t\t\t\t\t\t\t\t<\/div>\n\t\t\t\t<\/div>\n\t\t\t\t\t<\/div>\n\t\t<\/div>\n\t\t\t\t<div class=\"elementor-column elementor-col-33 elementor-top-column elementor-element elementor-element-3fc5f48\" data-id=\"3fc5f48\" data-element_type=\"column\" data-e-type=\"column\" data-settings=\"{&quot;background_background&quot;:&quot;classic&quot;}\">\n\t\t\t<div class=\"elementor-widget-wrap elementor-element-populated\">\n\t\t\t\t\t\t<div class=\"elementor-element elementor-element-bee453e elementor-widget elementor-widget-spacer\" data-id=\"bee453e\" data-element_type=\"widget\" data-e-type=\"widget\" data-widget_type=\"spacer.default\">\n\t\t\t\t<div class=\"elementor-widget-container\">\n\t\t\t\t\t\t\t<div class=\"elementor-spacer\">\n\t\t\t<div class=\"elementor-spacer-inner\"><\/div>\n\t\t<\/div>\n\t\t\t\t\t\t<\/div>\n\t\t\t\t<\/div>\n\t\t\t\t\t<\/div>\n\t\t<\/div>\n\t\t\t\t\t<\/div>\n\t\t<\/section>\n\t\t\t\t<section class=\"elementor-section elementor-top-section elementor-element elementor-element-707f15a elementor-reverse-mobile elementor-section-boxed elementor-section-height-default elementor-section-height-default\" data-id=\"707f15a\" data-element_type=\"section\" data-e-type=\"section\">\n\t\t\t\t\t\t<div class=\"elementor-container elementor-column-gap-default\">\n\t\t\t\t\t<div class=\"elementor-column elementor-col-33 elementor-top-column elementor-element elementor-element-aac2f68\" data-id=\"aac2f68\" data-element_type=\"column\" data-e-type=\"column\" data-settings=\"{&quot;background_background&quot;:&quot;classic&quot;}\">\n\t\t\t<div class=\"elementor-widget-wrap elementor-element-populated\">\n\t\t\t\t\t\t<div class=\"elementor-element elementor-element-2a8e1f0 elementor-widget elementor-widget-spacer\" data-id=\"2a8e1f0\" data-element_type=\"widget\" data-e-type=\"widget\" data-widget_type=\"spacer.default\">\n\t\t\t\t<div class=\"elementor-widget-container\">\n\t\t\t\t\t\t\t<div class=\"elementor-spacer\">\n\t\t\t<div class=\"elementor-spacer-inner\"><\/div>\n\t\t<\/div>\n\t\t\t\t\t\t<\/div>\n\t\t\t\t<\/div>\n\t\t\t\t\t<\/div>\n\t\t<\/div>\n\t\t\t\t<div class=\"elementor-column elementor-col-66 elementor-top-column elementor-element elementor-element-e4446bd\" data-id=\"e4446bd\" data-element_type=\"column\" data-e-type=\"column\">\n\t\t\t<div class=\"elementor-widget-wrap elementor-element-populated\">\n\t\t\t\t\t\t<div class=\"elementor-element elementor-element-530b9ba elementor-widget elementor-widget-heading\" data-id=\"530b9ba\" data-element_type=\"widget\" data-e-type=\"widget\" data-widget_type=\"heading.default\">\n\t\t\t\t<div class=\"elementor-widget-container\">\n\t\t\t\t\t<h2 class=\"elementor-heading-title elementor-size-default\">Peluquer\u00eda de mujer<\/h2>\t\t\t\t<\/div>\n\t\t\t\t<\/div>\n\t\t\t\t<div class=\"elementor-element elementor-element-ce06d6c elementor-widget-tablet__width-initial elementor-widget elementor-widget-text-editor\" data-id=\"ce06d6c\" data-element_type=\"widget\" data-e-type=\"widget\" data-widget_type=\"text-editor.default\">\n\t\t\t\t<div class=\"elementor-widget-container\">\n\t\t\t\t\t\t\t\t\t<p>Me dedico a sacar lo mejor de tu cabello y ayudarte a lograr el look que deseas.\u00a0<\/p><p>Ya sea que necesites un corte, un cambio de imagen o un peinado para una ocasi\u00f3n especial, cuento con las habilidades y herramientas para hacerlo posible.\u00a0<\/p><p>Utilizo productos de cabello de alta calidad y ofrezco un servicio al cliente excepcional en un ambiente c\u00f3modo.<\/p>\t\t\t\t\t\t\t\t<\/div>\n\t\t\t\t<\/div>\n\t\t\t\t\t<\/div>\n\t\t<\/div>\n\t\t\t\t\t<\/div>\n\t\t<\/section>\n\t\t\t\t<section class=\"elementor-section elementor-top-section elementor-element elementor-element-05259e1 elementor-section-boxed elementor-section-height-default elementor-section-height-default\" data-id=\"05259e1\" data-element_type=\"section\" data-e-type=\"section\">\n\t\t\t\t\t\t<div class=\"elementor-container elementor-column-gap-default\">\n\t\t\t\t\t<div class=\"elementor-column elementor-col-66 elementor-top-column elementor-element elementor-element-f28e603\" data-id=\"f28e603\" data-element_type=\"column\" data-e-type=\"column\">\n\t\t\t<div class=\"elementor-widget-wrap elementor-element-populated\">\n\t\t\t\t\t\t<div class=\"elementor-element elementor-element-ae67f6b elementor-widget elementor-widget-heading\" data-id=\"ae67f6b\" data-element_type=\"widget\" data-e-type=\"widget\" data-widget_type=\"heading.default\">\n\t\t\t\t<div class=\"elementor-widget-container\">\n\t\t\t\t\t<h2 class=\"elementor-heading-title elementor-size-default\">Corte de barba<\/h2>\t\t\t\t<\/div>\n\t\t\t\t<\/div>\n\t\t\t\t<div class=\"elementor-element elementor-element-2a5bc44 elementor-widget elementor-widget-text-editor\" data-id=\"2a5bc44\" data-element_type=\"widget\" data-e-type=\"widget\" data-widget_type=\"text-editor.default\">\n\t\t\t\t<div class=\"elementor-widget-container\">\n\t\t\t\t\t\t\t\t\t<p>Me especializo en el cuidado de barbas y ofrezco servicios de primera calidad para afeitar y recortar el vello facial. Brindo un cuidado personalizado para el recorte b\u00e1sico, hasta estilos completos.\u00a0<\/p><p>Y te proporcionare<span style=\"color: var( --e-global-color-secondary ); font-family: var( --e-global-typography-text-font-family ), Sans-serif; font-weight: var( --e-global-typography-text-font-weight ); font-size: 1rem;\">\u00a0una experiencia definitiva de cuidado, perfecta para prepararte para ocasiones especiales.<\/span><\/p>\t\t\t\t\t\t\t\t<\/div>\n\t\t\t\t<\/div>\n\t\t\t\t\t<\/div>\n\t\t<\/div>\n\t\t\t\t<div class=\"elementor-column elementor-col-33 elementor-top-column elementor-element elementor-element-3f01e1e\" data-id=\"3f01e1e\" data-element_type=\"column\" data-e-type=\"column\" data-settings=\"{&quot;background_background&quot;:&quot;classic&quot;}\">\n\t\t\t<div class=\"elementor-widget-wrap elementor-element-populated\">\n\t\t\t\t\t\t<div class=\"elementor-element elementor-element-4fc39d4 elementor-widget elementor-widget-spacer\" data-id=\"4fc39d4\" data-element_type=\"widget\" data-e-type=\"widget\" data-widget_type=\"spacer.default\">\n\t\t\t\t<div class=\"elementor-widget-container\">\n\t\t\t\t\t\t\t<div class=\"elementor-spacer\">\n\t\t\t<div class=\"elementor-spacer-inner\"><\/div>\n\t\t<\/div>\n\t\t\t\t\t\t<\/div>\n\t\t\t\t<\/div>\n\t\t\t\t\t<\/div>\n\t\t<\/div>\n\t\t\t\t\t<\/div>\n\t\t<\/section>\n\t\t\t\t<section class=\"elementor-section elementor-top-section elementor-element elementor-element-9b46de2 elementor-reverse-mobile elementor-section-boxed elementor-section-height-default elementor-section-height-default\" data-id=\"9b46de2\" data-element_type=\"section\" data-e-type=\"section\">\n\t\t\t\t\t\t<div class=\"elementor-container elementor-column-gap-default\">\n\t\t\t\t\t<div class=\"elementor-column elementor-col-33 elementor-top-column elementor-element elementor-element-fddc955\" data-id=\"fddc955\" data-element_type=\"column\" data-e-type=\"column\" data-settings=\"{&quot;background_background&quot;:&quot;classic&quot;}\">\n\t\t\t<div class=\"elementor-widget-wrap elementor-element-populated\">\n\t\t\t\t\t\t<div class=\"elementor-element elementor-element-1921dc6 elementor-widget elementor-widget-spacer\" data-id=\"1921dc6\" data-element_type=\"widget\" data-e-type=\"widget\" data-widget_type=\"spacer.default\">\n\t\t\t\t<div class=\"elementor-widget-container\">\n\t\t\t\t\t\t\t<div class=\"elementor-spacer\">\n\t\t\t<div class=\"elementor-spacer-inner\"><\/div>\n\t\t<\/div>\n\t\t\t\t\t\t<\/div>\n\t\t\t\t<\/div>\n\t\t\t\t\t<\/div>\n\t\t<\/div>\n\t\t\t\t<div class=\"elementor-column elementor-col-66 elementor-top-column elementor-element elementor-element-26d72bd\" data-id=\"26d72bd\" data-element_type=\"column\" data-e-type=\"column\">\n\t\t\t<div class=\"elementor-widget-wrap elementor-element-populated\">\n\t\t\t\t\t\t<div class=\"elementor-element elementor-element-2c59727 elementor-widget elementor-widget-heading\" data-id=\"2c59727\" data-element_type=\"widget\" data-e-type=\"widget\" data-widget_type=\"heading.default\">\n\t\t\t\t<div class=\"elementor-widget-container\">\n\t\t\t\t\t<h2 class=\"elementor-heading-title elementor-size-default\">Hairtatto<\/h2>\t\t\t\t<\/div>\n\t\t\t\t<\/div>\n\t\t\t\t<div class=\"elementor-element elementor-element-ed5683c elementor-widget elementor-widget-text-editor\" data-id=\"ed5683c\" data-element_type=\"widget\" data-e-type=\"widget\" data-widget_type=\"text-editor.default\">\n\t\t\t\t<div class=\"elementor-widget-container\">\n\t\t\t\t\t\t\t\t\t<p>Mi pasi\u00f3n es crear tatuajes capilares \u00fanicos y personalizados utilizando t\u00e9cnicas y estilos contempor\u00e1neos. Utilizo solo materiales de alta calidad para garantizar durabilidad y vitalidad.\u00a0<\/p><p>Ya sea que desees una declaraci\u00f3n audaz o un toque sutil, tengo las habilidades y la creatividad para dar vida a tu visi\u00f3n.\u00a0<\/p><p>Me mantengo actualizado con las \u00faltimas tendencias en la industria para ofrecer los dise\u00f1os m\u00e1s modernos y de moda. \u00a1Reserva tu cita ahora para expresar tu estilo de la manera m\u00e1s art\u00edstica posible!<\/p>\t\t\t\t\t\t\t\t<\/div>\n\t\t\t\t<\/div>\n\t\t\t\t\t<\/div>\n\t\t<\/div>\n\t\t\t\t\t<\/div>\n\t\t<\/section>\n\t\t\t\t<\/div>","protected":false},"excerpt":{"rendered":"<p>SERVICIOS Peluquer\u00eda de caballero Ven y experimenta mi servicio de peluquer\u00eda para caballeros de primera categor\u00eda, donde ofrezco cortes de cabello excepcionales, arreglos y estilos adaptados a tu estilo \u00fanico.\u00a0 Uso productos de alta calidad para crear looks cl\u00e1sicos y modernos, dej\u00e1ndote con una sensaci\u00f3n de confianza y renovaci\u00f3n.\u00a0 Disfruta de un ambiente c\u00f3modo y [&hellip;]<\/p>\n","protected":false},"author":1,"featured_media":0,"parent":0,"menu_order":0,"comment_status":"closed","ping_status":"closed","template":"","meta":{"footnotes":""},"class_list":["post-13","page","type-page","status-publish","hentry"],"yoast_head":"<!-- This site is optimized with the Yoast SEO plugin v27.3 - https:\/\/yoast.com\/product\/yoast-seo-wordpress\/ -->\n<title>Servicios - BARBERSHOP FORUTXU ILEART<\/title>\n<meta name=\"robots\" content=\"index, follow, max-snippet:-1, max-image-preview:large, max-video-preview:-1\" \/>\n<link rel=\"canonical\" href=\"https:\/\/forutxuileart.com\/eu\/servicios\/\" \/>\n<meta property=\"og:locale\" content=\"en_US\" \/>\n<meta property=\"og:type\" content=\"article\" \/>\n<meta property=\"og:title\" content=\"Servicios - BARBERSHOP FORUTXU ILEART\" \/>\n<meta property=\"og:description\" content=\"SERVICIOS Peluquer\u00eda de caballero Ven y experimenta mi servicio de peluquer\u00eda para caballeros de primera categor\u00eda, donde ofrezco cortes de cabello excepcionales, arreglos y estilos adaptados a tu estilo \u00fanico.\u00a0 Uso productos de alta calidad para crear looks cl\u00e1sicos y modernos, dej\u00e1ndote con una sensaci\u00f3n de confianza y renovaci\u00f3n.\u00a0 Disfruta de un ambiente c\u00f3modo y [&hellip;]\" \/>\n<meta property=\"og:url\" content=\"https:\/\/forutxuileart.com\/eu\/servicios\/\" \/>\n<meta property=\"og:site_name\" content=\"BARBERSHOP FORUTXU ILEART\" \/>\n<meta property=\"article:modified_time\" content=\"2023-08-24T07:39:09+00:00\" \/>\n<meta name=\"twitter:card\" content=\"summary_large_image\" \/>\n<meta name=\"twitter:label1\" content=\"Est. reading time\" \/>\n\t<meta name=\"twitter:data1\" content=\"2 minutua\" \/>\n<script type=\"application\/ld+json\" class=\"yoast-schema-graph\">{\"@context\":\"https:\\\/\\\/schema.org\",\"@graph\":[{\"@type\":\"WebPage\",\"@id\":\"https:\\\/\\\/forutxuileart.com\\\/servicios\\\/\",\"url\":\"https:\\\/\\\/forutxuileart.com\\\/servicios\\\/\",\"name\":\"Servicios - BARBERSHOP FORUTXU ILEART\",\"isPartOf\":{\"@id\":\"https:\\\/\\\/forutxuileart.com\\\/#website\"},\"datePublished\":\"2023-08-03T13:39:25+00:00\",\"dateModified\":\"2023-08-24T07:39:09+00:00\",\"breadcrumb\":{\"@id\":\"https:\\\/\\\/forutxuileart.com\\\/servicios\\\/#breadcrumb\"},\"inLanguage\":\"eu\",\"potentialAction\":[{\"@type\":\"ReadAction\",\"target\":[\"https:\\\/\\\/forutxuileart.com\\\/servicios\\\/\"]}]},{\"@type\":\"BreadcrumbList\",\"@id\":\"https:\\\/\\\/forutxuileart.com\\\/servicios\\\/#breadcrumb\",\"itemListElement\":[{\"@type\":\"ListItem\",\"position\":1,\"name\":\"Portada\",\"item\":\"https:\\\/\\\/forutxuileart.com\\\/\"},{\"@type\":\"ListItem\",\"position\":2,\"name\":\"Servicios\"}]},{\"@type\":\"WebSite\",\"@id\":\"https:\\\/\\\/forutxuileart.com\\\/#website\",\"url\":\"https:\\\/\\\/forutxuileart.com\\\/\",\"name\":\"BARBERSHOP FORUTXU ILEART\",\"description\":\"PELUQUERIA DE CABALLEROS  Y MUJER CORTE DE PELO Y BARBA\",\"potentialAction\":[{\"@type\":\"SearchAction\",\"target\":{\"@type\":\"EntryPoint\",\"urlTemplate\":\"https:\\\/\\\/forutxuileart.com\\\/?s={search_term_string}\"},\"query-input\":{\"@type\":\"PropertyValueSpecification\",\"valueRequired\":true,\"valueName\":\"search_term_string\"}}],\"inLanguage\":\"eu\"}]}<\/script>\n<!-- \/ Yoast SEO plugin. -->","yoast_head_json":{"title":"Servicios - BARBERSHOP FORUTXU ILEART","robots":{"index":"index","follow":"follow","max-snippet":"max-snippet:-1","max-image-preview":"max-image-preview:large","max-video-preview":"max-video-preview:-1"},"canonical":"https:\/\/forutxuileart.com\/eu\/servicios\/","og_locale":"en_US","og_type":"article","og_title":"Servicios - BARBERSHOP FORUTXU ILEART","og_description":"SERVICIOS Peluquer\u00eda de caballero Ven y experimenta mi servicio de peluquer\u00eda para caballeros de primera categor\u00eda, donde ofrezco cortes de cabello excepcionales, arreglos y estilos adaptados a tu estilo \u00fanico.\u00a0 Uso productos de alta calidad para crear looks cl\u00e1sicos y modernos, dej\u00e1ndote con una sensaci\u00f3n de confianza y renovaci\u00f3n.\u00a0 Disfruta de un ambiente c\u00f3modo y [&hellip;]","og_url":"https:\/\/forutxuileart.com\/eu\/servicios\/","og_site_name":"BARBERSHOP FORUTXU ILEART","article_modified_time":"2023-08-24T07:39:09+00:00","twitter_card":"summary_large_image","twitter_misc":{"Est. reading time":"2 minutua"},"schema":{"@context":"https:\/\/schema.org","@graph":[{"@type":"WebPage","@id":"https:\/\/forutxuileart.com\/servicios\/","url":"https:\/\/forutxuileart.com\/servicios\/","name":"Servicios - BARBERSHOP FORUTXU ILEART","isPartOf":{"@id":"https:\/\/forutxuileart.com\/#website"},"datePublished":"2023-08-03T13:39:25+00:00","dateModified":"2023-08-24T07:39:09+00:00","breadcrumb":{"@id":"https:\/\/forutxuileart.com\/servicios\/#breadcrumb"},"inLanguage":"eu","potentialAction":[{"@type":"ReadAction","target":["https:\/\/forutxuileart.com\/servicios\/"]}]},{"@type":"BreadcrumbList","@id":"https:\/\/forutxuileart.com\/servicios\/#breadcrumb","itemListElement":[{"@type":"ListItem","position":1,"name":"Portada","item":"https:\/\/forutxuileart.com\/"},{"@type":"ListItem","position":2,"name":"Servicios"}]},{"@type":"WebSite","@id":"https:\/\/forutxuileart.com\/#website","url":"https:\/\/forutxuileart.com\/","name":"BARBERSHOP FORUTXU ILEART","description":"PELUQUERIA DE CABALLEROS  Y MUJER CORTE DE PELO Y BARBA","potentialAction":[{"@type":"SearchAction","target":{"@type":"EntryPoint","urlTemplate":"https:\/\/forutxuileart.com\/?s={search_term_string}"},"query-input":{"@type":"PropertyValueSpecification","valueRequired":true,"valueName":"search_term_string"}}],"inLanguage":"eu"}]}},"_links":{"self":[{"href":"https:\/\/forutxuileart.com\/eu\/wp-json\/wp\/v2\/pages\/13","targetHints":{"allow":["GET"]}}],"collection":[{"href":"https:\/\/forutxuileart.com\/eu\/wp-json\/wp\/v2\/pages"}],"about":[{"href":"https:\/\/forutxuileart.com\/eu\/wp-json\/wp\/v2\/types\/page"}],"author":[{"embeddable":true,"href":"https:\/\/forutxuileart.com\/eu\/wp-json\/wp\/v2\/users\/1"}],"replies":[{"embeddable":true,"href":"https:\/\/forutxuileart.com\/eu\/wp-json\/wp\/v2\/comments?post=13"}],"version-history":[{"count":73,"href":"https:\/\/forutxuileart.com\/eu\/wp-json\/wp\/v2\/pages\/13\/revisions"}],"predecessor-version":[{"id":737,"href":"https:\/\/forutxuileart.com\/eu\/wp-json\/wp\/v2\/pages\/13\/revisions\/737"}],"wp:attachment":[{"href":"https:\/\/forutxuileart.com\/eu\/wp-json\/wp\/v2\/media?parent=13"}],"curies":[{"name":"wp","href":"https:\/\/api.w.org\/{rel}","templated":true}]}}